{"id":183,"date":"2016-01-16T16:43:09","date_gmt":"2016-01-16T14:43:09","guid":{"rendered":"http:\/\/kairi.raplakunst.eu\/?page_id=183"},"modified":"2025-10-30T14:05:24","modified_gmt":"2025-10-30T12:05:24","slug":"autor2","status":"publish","type":"page","link":"https:\/\/kairi.raplakunst.eu\/?page_id=183&lang=et","title":{"rendered":"Minust"},"content":{"rendered":"<p style=\"text-align: left\"><img decoding=\"async\" class=\"alignright wp-image-1409\" src=\"https:\/\/kairi.raplakunst.eu\/wp-content\/uploads\/sites\/10\/2020\/03\/kairi-sveta-e1583479028277-225x300.jpg\" alt=\"\" width=\"325\" height=\"433\" srcset=\"https:\/\/kairi.raplakunst.eu\/wp-content\/uploads\/sites\/10\/2020\/03\/kairi-sveta-e1583479028277-225x300.jpg 225w, https:\/\/kairi.raplakunst.eu\/wp-content\/uploads\/sites\/10\/2020\/03\/kairi-sveta-e1583479028277.jpg 720w\" sizes=\"(max-width: 325px) 100vw, 325px\" \/><\/p>\n<h1>Kairi Orgusaar<\/h1>\n<p><strong>E-mail: <a href=\"javascript:secureDecryptAndNavigate('w330F3bPDCVx4NJRDp8NOkO300n8R+7RToVUbf+XooX5W1fCdshuD1Y+VK0zqiRpKx17Kr3voPFr\/cOtbC6PMZrHFSe7jOKn3qv\/2gs=', 'c3ff70b9b2cb8ba94188b299637dcee27f929398663208550b6845a24a7150c5')\">kairi [dot] orgusaar [at] mail [dot] ee<\/a><\/strong><br \/>\n<strong>Tel: 53 403 124<\/strong><br \/>\n<strong>O\u00dc Kunivorm<\/strong><br \/>\n<strong>Kunilepa talu, Linna-Aluste k\u00fcla, Kehtna vald, Raplamaa<\/strong><\/p>\n<hr \/>\n<p>Kairi Orgusaar (s 1969) on l\u00f5petanud Eesti Kunstiakadeemia maalikunsti eriala (1995), aastal 2002 omandas ta magistrikraadi klaasikunstis. 1996. aastast alates on ta osalenud n\u00e4itustel erinevates galeriides ja muuseumites Eestis ja kaugemal, sh Palazzo Loredanis Veneetsias, Jelagini saare Klaasikunsti Muuseumis St. Peterburis Venemaal, Soome Klaasikunsti Muuseumis Riihim\u00e4el,\u00a0 jm. Orgusaar on kolmel korral p\u00e4lvinud Eesti Kultuurkapitali maakondliku aastapreemia. Tema t\u00f6id leidub Ernsting Stiftung Alter of Herdingi klaasikogus, Eesti Tarbekunsti- ja Disainimuuseumi kogus ning mitmetes erakogudes. Alates 2004. aastast tegutseb Orgusaar oma klaasistuudios O\u00dc Kunivorm, aastast 2010 on ta Raplamaa Kaasaegse Kunsti Keskuse asutaja ja juhatuse liige.<\/p>\n<h2>Curriculum Vitae<\/h2>\n<p><strong>S\u00fcndinud:<\/strong><br \/>\n14.05.1969. a. Raplas.<\/p>\n<p><strong>Haridus:<\/strong><br \/>\n1999 \u2013 2002 Eesti Kunstiakadeemia, klaasikunsti eriala, MA.<br \/>\n1989 \u2013 1995 EKA, maalikunsti eriala, BA.<\/p>\n<p><strong>T\u00e4iend\u00f5pe ja ettevalmistus:<\/strong><br \/>\n2014 &#8211; 2016 Olustvere Teenindus- ja Maamajanduskool, klaasipuhuja assistent.<br \/>\n2015\u00a0 Gernheimi klaasikoda, Saksamaa<br \/>\n1987 \u2013 1988 Reiteli skulptuuristuudio<br \/>\n1985 \u2013 1987 Tallinna Lastekunstikool.<\/p>\n<p><strong>Teenistusk\u00e4ik:<\/strong><\/p>\n<p>2021 &#8211; EKA klaasikunsti osakond<\/p>\n<p>2010 -.. MT\u00dc Raplamaa Kaasaegse Kunsti Keskus, asutaja- ja juhatuse liige, kuraator.<br \/>\n2005 &#8211; 2007 Hageri Hippiuse nim. Maalikool, maali- ja joonistuse \u00f5petaja.<br \/>\n2004 &#8211; 2010 Rapla Kunstiselts, joonistuse- ja maali \u00f5petaja.<br \/>\n2002 &#8211; &#8230; Klaasistuudio O\u00dc Kunivorm juhatuse liige, klaasikunstnik<\/p>\n<p><strong>Isiku- ja grupin\u00e4itused:<\/strong><\/p>\n<ul>\n<li>2025 UNUSTUS JA R\u00d5\u00d5M, Kastellaani maja galerii, Tallinn<\/li>\n<li>2025\u00a0 HARMOONIA VALEM, Tartu Kunstimaja, Tartu, Eesti<\/li>\n<li>2024 &#8211; 2025 VIDEVIKUTSOONIS, Vana-V\u00f5romaa Kultuurukojas koos Sofi Ar\u0161ase, Erki Kannuse ja Kati Kerstnaga<\/li>\n<li>2024 LENDUMINE, Tartu valgusfestivali raames, Tartu Botaanikaaia palmihoones, koos Sofi Ar\u0161ase ja Kati Kerstnaga<br \/>\n2024 BIOLOOGILISED ISE\u00c4RASUSED, OKAPI galerii, Tallinn, koos Kati Kerstnaga<\/li>\n<li>2024\u00a0 AVATUD ATELJEE, Raplamaa Kaasaegse Kunsti Keskus, Rapla<\/li>\n<li><a href=\"https:\/\/kairi.raplakunst.eu\/?p=1615&amp;lang=et\">2022\u00a0CARPE DIEM<\/a>, Amandus Adamsoni Ateljeemuuseum, Paldiski<br \/>\n2022 <a href=\"https:\/\/kairi.raplakunst.eu\/?p=1615&amp;lang=et\">OKTARIIN<\/a>, P\u00e4rnu Linnagalerii, P\u00e4rnu<br \/>\n2022 N\u00c4HTAMATUD SILMAPIIRID, Uusikaupunki Kultuurikeskuse Cruselli galerii, Soome<br \/>\n2021 O2-\u00a0 N\u00d6FF (Naiste \u00d6\u00f6de Filmifestival), koos Kati Kerstnaga, virtuaaln\u00e4itus.<br \/>\n2019 <a href=\"https:\/\/kairi.raplakunst.eu\/?p=1250&amp;lang=et\">TUME J\u00d5GI<\/a>,\u00a0 koos Riin Palloniga Raplamaa Kaasaegse Kunsti Keskus<br \/>\n2019 <a href=\"https:\/\/kairi.raplakunst.eu\/?p=986&amp;lang=et\">SEDNA<\/a>, koos Erki Kannusega, Raplamaa Kaasaegse Kunsti Keskus<br \/>\n2019 KOOSK\u00d5LA, Galerii Haus, Tallinn<br \/>\n2019 DIALOOGID, N\u00d6FF , koos Kati Kerstnaga, Rapla kino, Rapla<br \/>\n2018 \/ 2019 <a href=\"https:\/\/kairi.raplakunst.eu\/?p=937&amp;lang=et\">PORTREED<\/a>, pop-up akvarellin\u00e4itus, Raplamaa Kaasaegse Kunsti Keskus<br \/>\n2018 PIMENEMINE, koos Linnaaluste grupiga, Janina Monkute Marksi muuseum, Kedainiai, Leedu<br \/>\n2018 MUUTUS \/ Forandring, koos Alide Zvorovski- ja Taani kunstnike grupiga Vingesus, Galerii Filosoffen, Odense, Taani<br \/>\n2017 \u00a0ROLL UP, Olustvere klaasi- ja keraamikakoja galeriis.<br \/>\n2016 WHAT IF , Gribas memorial museum, Jurbarkas, Leedu<br \/>\n2016 \u00a0\u00d5\u00d5 ehk m\u00e4lu pildid Saaremaa Piiskopilinnus<br \/>\n2016 \u00a088 aastat hiljem &#8211; Olustvere m\u00f5is<br \/>\n2015 \u201cBaltic Impression\u201d Richter galerii, Den Helder, Holland (Leedu-Eesti)<br \/>\n2015 \u201cJ\u00e4etud j\u00e4ljed\u201d Kunstikooli galerii, Haapsalu (Kunstigrupp Linnaalused)<br \/>\n2014 &#8220;Tabamatu t\u00f5usuvesi&#8221; (koos Riin Palloniga), Tahkuna tuletorn, Hiiumaa<br \/>\n2013\u00a0 &#8220;LEL&#8221; (koos I.Audere, B.Gulbe, K.Kerstna, D.Truskaite), Galerii XX, Paneve\u017eis, Leedu<br \/>\n2013 \u201cOlemise v\u00e4rv\u201d Kloostri Ait, Tallinn<br \/>\n2012 \u201cAja langemine\u201d (koos Riin Palloniga) Nousiainen, Soome<br \/>\n2012 \u201cVaikuse herbaarium\u201d (koos Riin Palloniga) Mynam\u00e4ki, Soome<br \/>\n2008 \u201cL\u00e4bivaade\u201d (koos Kati Kerstnaga) Kunstihoone Galerii, Tallinn, Kultuurimaja \u201cKannel\u201dgalerii, V\u00f5ru<br \/>\n2006 \u201cTulehelmed\u201d (koos Kati Kerstnaga) Viieristi Galerii, Haapsalu.<br \/>\n2002 \u201cKlaasist m\u00e4ngulauad\u201d Adamson-Ericu Muuseumi keldrisaal,Tallinn.<br \/>\n1999 \u201cJumalate m\u00e4ngulauad\u201d Paide Keskraamatukogu, Rapla Haldushoone, Kuressaare Piiskopilinnus, Briti Saadiku Residents, Tabasalu, Tallinn.<br \/>\n1998 \u201cMosaiigid\u201d, Kuressaare Piiskopilinnus, Saaremaa.<br \/>\n1996 \u201cMaalid 1996\u201d, Kuressaare Piiskopilinnus, Saaremaa.<\/li>\n<\/ul>\n<p><strong>\u00dcldn\u00e4itused:<\/strong><\/p>\n<ul>\n<li>2025 THE VENICE GLASS WEEK HUB, Palazzo Loredan,Veneetsia<\/li>\n<li>2025 INIMENE ON M\u00dcSTEERIUM, ARS Pori, Pori linn, Soome<\/li>\n<li>2025 DUO: Vaoshoitus ja plahvatus, EA\u00dc grpin\u00e4itus, RKKK, Rapla<\/li>\n<li>2025 IVO LILLE FONDI KLAASSKULPTUURIDE KONKURSI N\u00c4ITUS Viinistu Kunstimuuseumi T\u00fcnnigalerii, Viinistu<\/li>\n<li>2025 S\u00c4RAVATE ASJADE SALAJANE HING, EestKlaasikunstnike \u00dchenduse aastan\u00e4itus.Viimsi Artiumi Kunstikooli galerii ja aatrium, Tallinn<\/li>\n<li>2025 L\u00c4BIR\u00c4\u00c4KIMISED, graafika ja klaasi n\u00e4itus, P\u00e4rnu Uue Kunsti Muuseum<\/li>\n<li>2024 KUJUTA, graafika ja klaas, ARS projektiruum, Tallinn<\/li>\n<li>2024 XXVII Euroopa Akvarellistide \u00dchenduse aastan\u00e4itus, Tampere, Soome<\/li>\n<li>2024 EA\u00dc n\u00e4itus LOODUSE KAJAD, Uue Kunsti Muuseum, P\u00e4rnu<\/li>\n<li>2024 &#8220;Legendide aeg&#8221; , EK\u00dc klaasikunsti aastan\u00e4itus, Kondase Keskus, Viljandi<\/li>\n<li>2023 EA\u00dc n\u00e4itus &#8220;Mitmekesine akvarell&#8221;, galerii PALLAS, Tartu (avatud kuni 25.nov.)<br \/>\n2023 XXVI Euroopa Akvarellistide \u00dchenduse aastan\u00e4itus, Dublin, Iirimaa<br \/>\n2023 GENIUS LOCI IV: \u201eElu. 1628. 1928. 2023\u201d, EK\u00dc klaasikunsti aastan\u00e4itus,<br \/>\nReigi pastoraat, Hiiumaa<br \/>\n2023 Rahvusvaheline akvarellin\u00e4itus FABRIANO INACQUARELLO, Fabriano, Itaalia<br \/>\n2023 EA\u00dc n\u00e4itus &#8220;Minu oluline maailm&#8221; , galerii Haus, Tallinn<br \/>\n2023 Eesti Akvarellistide \u00dchenduse aastan\u00e4itus KOOSK\u00d5LAD, Uue Kunsti Muuseum, P\u00e4rnu<br \/>\n2023 Eesti ja Soome avarellistide \u00fchisn\u00e4itus &#8220;M\u00e4ng&#8221; Kadrioru galerii PLAZA, Tallinn<\/li>\n<li>2023 X Rahvusvahelise Luxembourgi klaasifestivali n\u00e4itus, Asselborn, Luxembourg<\/li>\n<li>2022 XXV Rahvusvaheline Akvarellin\u00e4itus ja s\u00fcmpoosion, Bilbao, Hispaania<br \/>\n2022 Europea Glass Festival, &#8220;Sulavad piirid&#8221;, Kaasaegne Baltimaade klaasikunst, Poola<\/li>\n<li>2022 SUUR PIDU, RV kuumaklaasi s\u00fcmpoosioni n\u00e4itus, Evald Okase Muuseum, Haapsalu<\/li>\n<li>2022 EA\u00dc aastan\u00e4itus &#8220;\u00dcksinda oleme \u00fcks tilk, koos oleme ookean&#8221; Galerii Haus, Solaris Tallinn<br \/>\n2022 &#8220;Aquarello Insieme&#8221;, Rahvusvaheline Akvarellin\u00e4itus, Cascina Roma, Itaalia<br \/>\n2022 V\u00c4RV &#8211; PUNANE 2, EKK\u00dc aastan\u00e4itus , P\u00f5levkivimuuseum, Kohtla-J\u00e4rve<br \/>\n2021 European Glass Context 2021, Gr\u00f8nbechs G\u00e5rd, Bornholm, Taani<br \/>\n2021 IX Rahvusvahelise Luxembourgi klaasifestivali n\u00e4itus, Asselborn, Luxembourg<br \/>\n2021 SUVINE FUSIOON, EA\u00dc n\u00e4itus, Uue Kunsti Muuseum, P\u00e4rnu<br \/>\n2021 M\u00d5TTEPILT, Eesti Akvarellistide \u00dchenduse aastan\u00e4itus, RKKK, Rapla<br \/>\n2020 AEGLANE VALGUS, Raplamaa Kaasaegse Kunsti Keskus, Rapla<br \/>\n2020 V\u00c4RV &#8211; PUNANE, EKK\u00dc aastan\u00e4itus , ARS Projektiruum, Tallinn<br \/>\n2020 PIECE OF CAKE, Okapi galerii, Tallinn<br \/>\n2019 VIII Rahvusvahelise Luxembourgi klaasifestivali n\u00e4itus, Asselborn, Luksemburg<br \/>\n2019 XXVI aktin\u00e4itus MEES, NAINE JA VABADUS, Uue Kunsti Muuseum, P\u00e4rnu<br \/>\n2019 KOOSM\u00d5JU, Haapsalus, Evald Okase muuseumis ja Kadriorus, Apollo purskkaevus festivalil \u201cValgus k\u00f5nnib Kadriorus\u201d<br \/>\n2019 USEFUL, Olustvere Klaasikoda, Viljandimaa<br \/>\n2018 EESTI KUI M\u00d5TTELINE RUUM, EV 100 kunstiprogramm, RKKK, Rapla<br \/>\n2018 TEINE VAATENURK, RV klaasikunsti n\u00e4itus, EV 100 kunstiprogramm, Evald Okase Muuseum, Haapsalu<br \/>\n2018 Experimental Experience, Olustvere Klaasikoda, Viljandimaa<br \/>\n2017 K\u00dcLM-KUUM Eesti Klaasikunsti 80 juubeli n\u00e4itus, Kultuurikatel Tallinn<br \/>\n2017 ELU MAAL\u00a0 S\u00e4rina festivali kujutava kunsti programmi n\u00e4itus, RKKK, Rapla<br \/>\n2017 VII RV Luxembourgi klaasifestival, Asselborn Luksemburg<br \/>\n2017 BIO GLASS, XI Haapsalu RV kuumaklaasis\u00fcmpoosioni n\u00e4itus, Evald Okase muuseum, Haapsalu.<br \/>\n2017 VERRE EN FORME\u00a0 &#8211; Centre des Artes Pluriels, Ettelbruck, Luksemburg<br \/>\n2016\u00a0 \u00a02D L\u00e4\u00e4nemeremaade klaasikunsti biennaal &#8211; P\u00e4rnus Uue Kunsti Muuseum, Vilnius, Artists Association Gallery, St. Jono Street Gallery, Leedu. Raplamaa Kaasaegse Kunsti Keskus, Rapla<br \/>\n2016 \u00a0GlassJazz\u00a0 &#8211; RV klaasikunstis\u00fcmpoosion ja n\u00e4itus\u00a0 Stuudio Remis ja Paneve\u017eyse Keraamikamuuseum, Leedu<br \/>\n2016 TSIVILISATSIOON 2: Aja p\u00fcksid &#8211; Tallinna Lennusadama akvaariumis, Eesti<br \/>\n2015\u00a0 VI RV Luxembourgi Klaasifestivali n\u00e4itus, Asselborn, Luksemburg<br \/>\n2015\u00a0 RV Kuumaklaasi s\u00fcmpoosioni n\u00e4itus\u201d Haapsalu Klaasip\u00e4evad 10,\u201d Evald Okase Muuseum, Haapsalu<br \/>\n2015\u00a0 KOHTUMISPAIK 58\u00b0 56\u2032 N, 24\u00b0 53\u2032 E, RKKK, Rapla<br \/>\n2015\u00a0 EKK\u00dc aastan\u00e4itus HETK, J\u00e4rvakandi galerii<br \/>\n2015\u00a0 NEW ACQUISITIONS 2014, Ernsting Stiftung Alter Hof Herding, Saksamaa<br \/>\n2014 TEHIS \/ P\u00c4RIS I &#8211; II: Tartu Kunstimaja, Tartu ja Vabaduse galerii, Tallinn<br \/>\n2014 K\u00dcLALINE EESTI Klaasimuuseum Alter Hof Herding, Saksamaa<br \/>\n2014 \u00a0\u00dcHES ON PALJU, mosaiikklaasi n\u00e4itus, Olustvere m\u00f5is, Eesti<br \/>\n2014\u00a0\u201c2D\u00a0\u2192\u201d Kunstnike Liidu Galerii \u201cARKA\u201d,Vilnius, Leedu, Rietunu panga galerii Riia, L\u00e4ti ja Uue Kunsti Muuseum, P\u00e4rnu, Eesti<br \/>\n2014 Vitrum Balticum: OPTICAL OUTLOOK, Rahvuslik M.K.Ciurlionis kunstimuuseum ja Auksopjuvis galerii<br \/>\n2014 K\u00c4E ALL VOOGAV JOON, Raplamaa Kaasaegse Kunsti Keskus, Rapla<br \/>\n2013 VALGUS, Raplamaa Kaasaegse Kunsti Keskus, Rapla<br \/>\n2013\u00a0 V RV Luxembourgi Klaasifestivali n\u00e4itus, Asselborn, Luksemburg<br \/>\n2013\u00a0 IMPRESSIOON, Evald Okase Muuseum, Haapsalu<br \/>\n2013 KOOSK\u00d5LA, Galerii HAUS, Tallinn<br \/>\n2012 EESTI KAASAEGNE KLAASIKUNST, Jelegini saare klaasimuuseum, St Peterburg<br \/>\n2012 NEW ACQUISITIONS 2011, Ernsting Stiftung Alter Hof Herding, Saksamaa<br \/>\n2012 \u201c2D\u00a0\u2192\u201d Kunstnike Liidu Galerii \u201cARKA\u201d,Vilnius, Leedu<br \/>\n2012 SUUR HAPRUS, Kunstihoone, Tallinn<br \/>\n2012 TERVITADES TEIE&#8230;, Uue Kunsti Muuseum, P\u00e4rnu, Eesti<br \/>\n2012 KROONL\u00dcHTER, Raplamaa Kaasaegse Kunsti Keskus, Rapla<br \/>\n2012 EESTI KAASAEGNE KLAASIKUNST, Eesti Tarbekunsti \u2013 ja Disainimuuseum, Tallinn<br \/>\n2012 RAPLAMAA KUNST vol.2, Raplamaa Kaasaegse Kunsti Keskus, Rapla<br \/>\n2011 EESTI KLAASIKUNST\u00a0 2000-ndatel, The Finnish Glass Museum, Riihim\u00e4ki.Finland<br \/>\n2011 MEES, NAINE JA ELEKTER, Uue Kunsti Muuseum , P\u00e4rnu, Estonia<br \/>\n2011 IV RV klaasifestivali n\u00e4itus, Galerie l\u00b4art municipale, Diekirch \/ Atelier d\u00b4art de verre in Asselborn, Luksemburg<br \/>\n2011 KOOPIA, Raplamaa Kaasaegse Kunsti Keskus, Rapla<br \/>\n2010 MOODNE MAAL, Raplamaa Kaasaegse Kunsti Keskus, Rapla<br \/>\n2010 KROKII,\u00a0 Raplamaa Kaasaegse Kunsti Keskus, Rapla<br \/>\n2010 OLEKUD,\u201c Disaini ja arhitektuuri galerii, Tallinn<br \/>\n2010 EESTI KLAAS, Gernheimi klaasimuuseum, Saksamaa<br \/>\n2010 \u201cGLASS CONNECTIONS 2010\u201d Tetange, Luksemburg<br \/>\n2010 KAHEM\u00d5TTETU,\u00a0 Raplamaa Kaasaegse Kunsti Keskus, Rapla<br \/>\n2010 KLAASIPOEESIA, Evald Okase Muuseum, Haapsalu<br \/>\n2010 EPIC JEWELLERY Klaasigalerii, Riia<br \/>\n2010 GLORIA, L\u00e4ti Kunstnike Liidu Galerii, Riia<br \/>\n2010 MEES JA NAINE, Uue Kunsti Muuseum, P\u00e4rnu,<br \/>\n2009 3. Luxembourgi Klaasifestivali n\u00e4itus, Asselborn, Luksemburg<br \/>\n2009 HELMESREAD, P\u00e4rnu Keskraamatukogus<br \/>\n2009 RAHVUSLIK P\u00c4RAND, P\u00e4rnu Kontserdimaja Galeriis<br \/>\n2008 RV klaasikunstibiennaaal Vitrum Balticum IV: UUS JA NOOR\/ New and Young. Kaunase Kunstiistituudi galerii, Kaunas, Leedu. Janina Monkute-Marks Museum Gallery, K\u00e9dainiai, Leedu.<br \/>\n2008 \u201cMATCHBOX, Portselanimuuseum, Riia, L\u00e4ti.<br \/>\n2007 \u201cEESTI KLAAS 70, k\u00fcmne aasta paremik\u201d Tarbekunsti-ja Disainimuuseum, Tallinn.<br \/>\n2007 RINGK\u00c4IK Albu m\u00f5is, J\u00e4rvamaa.<br \/>\n2007 RV Kuumaklaasis\u00fcmpoosioni n\u00e4itus Evald Okase Muuseum, Haapsalu.<br \/>\n2007 ASJADE SEIS, Kunstihoone, Tallinn.<br \/>\n2006 EKK\u00dc aasatn\u00e4itus BEAUTIFUL, Kunstihoone Galerii, Tallinn.<br \/>\n2005 EKK\u00dc aastan\u00e4itus KATKISED ASJAD Jaani-Seegi Varemed Tallinn, Viljandi raamatukogu n\u00e4itusesaal.<br \/>\n2005 VALGE KLAAS Evald Okase Muuseum, Haapsalu, A Galerii, Tallinn<br \/>\n2004 KLAASHELMED MAAILMA RAHVASTE KULTUURIS, Tarbekunsti- ja Disainimuuseum, Tallinn.<br \/>\n2004 EKK\u00dc aastan\u00e4itus FOOKUS, Hobusepea Galerii, Tallinn.<br \/>\n2004 MARITIMA.\u201dEvald Okase Muuseum, Haapsalu.<br \/>\n2001 GLASS WITH CARE, EKA galerii, Tallinn.<br \/>\n2001 L\u00c4BI KLAASI, Raekoja galerii, Tallinn.<br \/>\n1999- 2001 osalemine Eesti kunsti v\u00e4ljapanekutel Briti saadiku residentsis,Tabasalus.<br \/>\n1999 JUMALATE M\u00c4NGULAUAD koost\u00f6\u00f6s trupiga \u201cEga vist\u201d<br \/>\nTegevkunstifestival \u201cAeg, ruum, liikumine\u201d, Keskraamatukogu, Paide Briti Saadiku Residents, Tabasalu<\/li>\n<\/ul>\n<p><strong>Kureeritud n\u00e4itused Raplamaa Kaasaegse Kunsti Keskuses<\/strong><br \/>\n2020 AEGLANE VALGUS, RV klaasist valgusobjektide n\u00e4itus ruumilise muusikaga.<br \/>\n2018 EESTI KUI M\u00d5TTELINE RUUM,\u00a0 EV 100 kunstiprogrammi n\u00e4itus<br \/>\n2017 ELU MAAL\u00a0 S\u00e4rina festivali kujutava kunsti programmi n\u00e4itus<br \/>\n2015 \u00d5PPIMISE KUNST JA TEISED KUNSTID, n\u00e4itus ja workshoppide sari\u00a0 \u00f5ppimise v\u00f5imalustest l\u00e4bi kaunite kunstide.<br \/>\n2013 VALGUS,\u00a0 EKK\u00dc klaasist valgusobjektide n\u00e4itus<br \/>\n2012 KROONL\u00dcHTER,\u00a0 EKK\u00dc klaasist valgusobjektide n\u00e4itus<br \/>\n2012 TARTU MAAL, (koos Peeter Krosmanniga)<br \/>\n2010 MOODNE MAAL, kaasaegse maalikunsti n\u00e4itus<\/p>\n<p><strong>S\u00fcmpoosionid ja workshopid<\/strong><br \/>\n2022 XXV Rahvusvaheline Akvarellin\u00e4itus ja s\u00fcmpoosion, Bilbao, Hispaania<br \/>\n2022 SUUR PIDU, RV kuumaklaasi s\u00fcmpoosion ja n\u00e4itus, Evald Okase Muuseum, Haapsalu<br \/>\n2021 IX Rahvusvaheline Luksemburgi Klaasifestival, Asselborn, Luksemburg<br \/>\n2019 VIII Rahvusvaheline Luksemburgi Klaasifestival, Asselborn, Luksemburg<br \/>\n2019 KOOSM\u00d5JU, RV kuumaklaasi s\u00fcmpoosion, Evald Okase muuseum, Haapsalu<br \/>\n2017 VII Rahvusvaheline Luksemburgi Klaasifestival, Asselborn, Luksemburg<br \/>\n2017 Bio Glass, XI Haapsalu RV kuumaklaasis\u00fcmpoosion, Evald Okase muuseum, Haapsalu<br \/>\n2016 \u00a0GlassJazz\u00a0 &#8211; RV klaasikunstis\u00fcmpoosion\u00a0 Studio Remis, Panevezis, Leedu<br \/>\n2015 VI Rahvusvaheline Luksemburgi Klaasifestival, Asselborn, Luksemburg<br \/>\n2015\u00a0 RV Kuumaklaasi s\u00fcmpoosion\u201d Haapsalu Klaasip\u00e4evad 10,\u201d Evald Okase Muuseum, Haapsalu<br \/>\n2013 V Rahvusvaheline Luksemburgi Klaasifestival, Asselborn, Luksemburg<br \/>\n2013\u00a0 RV Kuumaklaasi s\u00fcmpoosion\u201d Impressioon\u201d , Evald Okase Muuseum, Haapsalu<br \/>\n2012 Klaashelmeahju ehitamine ja workshop, Gernheimi klaasimuuseum, Saksamaa<br \/>\n2011 IV Rahvusvaheline Luksemburgi Klaasifestival, Asselborn, Luksemburg<br \/>\n2010 RV Kuumaklaasi s\u00fcmpoosion\u201d Klaasipoeesia\u201d , Evald Okase Muuseum, Haapsalu<br \/>\n2009 III Rahvusvaheline Luksemburgi Klaasifestival, Asselborn, Luksemburg<br \/>\n2009 \u201eCatch of the Day\u201d kuumaklaasi s\u00fcmpoosion, Haapsalu<br \/>\n2005 \u2013 2009 Kunlepa Helmep\u00e4evad, Linnaaluste, Raplamaa<br \/>\n2005 \u2013 2007 \u201eWhite Glass Days\u201d, kuumaklaasi s\u00fcmpoosion, Haapsalu<br \/>\n2004 \u201cMaritima\u201d kuumaklaasi s\u00fcmpoosion, Haapsalu<\/p>\n<p><strong>T\u00f6id muuseumites:<\/strong><br \/>\nErnsting Stiftung Alter Hof Herding, Saksamaa<br \/>\nTarbekunsti- ja Disainimuuseum, Eesti<br \/>\nJ\u00e4rvakandi Klaasimuuseum, Eesti<\/p>\n<p><strong>Tunnustused:<\/strong><br \/>\nEesti Kultuurkapitali Raplamaa Ekspertgrupi Aastapreemia 2019<br \/>\nRaplamaa parim kultuuritegu 2018 (RAEK)<br \/>\nEesti Kultuurkapitali Raplamaa Ekspertgrupi Aastapreemia 2014<br \/>\nEesti Kultuurkapitali Raplamaa Ekspertgrupi Aastapreemia 2011<br \/>\nRaplamaa Aasta tegu 2011 (RAEK)<\/p>\n<p><strong>Kuulumine liitudesse:<\/strong><br \/>\nEesti Klaasikunstnike \u00dchendus.<br \/>\nEesti Kunstnike Liit<br \/>\nEesti Akvarellistide \u00dchendus<\/p>\n","protected":false},"excerpt":{"rendered":"<p>Kairi Orgusaar E-mail: kairi [dot] orgusaar [at] mail [dot] ee Tel: 53 403 124 O\u00dc Kunivorm Kunilepa talu, Linna-Aluste k\u00fcla, Kehtna vald, Raplamaa Kairi Orgusaar (s 1969) on l\u00f5petanud Eesti Kunstiakadeemia maalikunsti eriala (1995), aastal 2002 omandas ta magistrikraadi klaasikunstis. 1996. aastast alates on ta osalenud n\u00e4itustel erinevates galeriides ja muuseumites Eestis ja kaugemal, sh [&hellip;]<\/p>\n","protected":false},"author":2,"featured_media":0,"parent":0,"menu_order":0,"comment_status":"closed","ping_status":"closed","template":"","meta":{"_uag_custom_page_level_css":"","site-sidebar-layout":"default","site-content-layout":"","ast-site-content-layout":"default","site-content-style":"default","site-sidebar-style":"default","ast-global-header-display":"","ast-banner-title-visibility":"","ast-main-header-display":"","ast-hfb-above-header-display":"","ast-hfb-below-header-display":"","ast-hfb-mobile-header-display":"","site-post-title":"","ast-breadcrumbs-content":"","ast-featured-img":"","footer-sml-layout":"","theme-transparent-header-meta":"default","adv-header-id-meta":"","stick-header-meta":"","header-above-stick-meta":"","header-main-stick-meta":"","header-below-stick-meta":"","astra-migrate-meta-layouts":"set","ast-page-background-enabled":"default","ast-page-background-meta":{"desktop":{"background-color":"var(--ast-global-color-4)","background-image":"","background-repeat":"repeat","background-position":"center center","background-size":"auto","background-attachment":"scroll","background-type":"","background-media":"","overlay-type":"","overlay-color":"","overlay-opacity":"","overlay-gradient":""},"tablet":{"background-color":"","background-image":"","background-repeat":"repeat","background-position":"center center","background-size":"auto","background-attachment":"scroll","background-type":"","background-media":"","overlay-type":"","overlay-color":"","overlay-opacity":"","overlay-gradient":""},"mobile":{"background-color":"","background-image":"","background-repeat":"repeat","background-position":"center center","background-size":"auto","background-attachment":"scroll","background-type":"","background-media":"","overlay-type":"","overlay-color":"","overlay-opacity":"","overlay-gradient":""}},"ast-content-background-meta":{"desktop":{"background-color":"var(--ast-global-color-5)","background-image":"","background-repeat":"repeat","background-position":"center center","background-size":"auto","background-attachment":"scroll","background-type":"","background-media":"","overlay-type":"","overlay-color":"","overlay-opacity":"","overlay-gradient":""},"tablet":{"background-color":"var(--ast-global-color-5)","background-image":"","background-repeat":"repeat","background-position":"center center","background-size":"auto","background-attachment":"scroll","background-type":"","background-media":"","overlay-type":"","overlay-color":"","overlay-opacity":"","overlay-gradient":""},"mobile":{"background-color":"var(--ast-global-color-5)","background-image":"","background-repeat":"repeat","background-position":"center center","background-size":"auto","background-attachment":"scroll","background-type":"","background-media":"","overlay-type":"","overlay-color":"","overlay-opacity":"","overlay-gradient":""}},"footnotes":""},"class_list":["post-183","page","type-page","status-publish","hentry"],"uagb_featured_image_src":{"full":false,"thumbnail":false,"medium":false,"medium_large":false,"large":false,"1536x1536":false,"2048x2048":false},"uagb_author_info":{"display_name":"merle","author_link":"https:\/\/kairi.raplakunst.eu\/?author=2"},"uagb_comment_info":0,"uagb_excerpt":"Kairi Orgusaar E-mail: kairi [dot] orgusaar [at] mail [dot] ee Tel: 53 403 124 O\u00dc Kunivorm Kunilepa talu, Linna-Aluste k\u00fcla, Kehtna vald, Raplamaa Kairi Orgusaar (s 1969) on l\u00f5petanud Eesti Kunstiakadeemia maalikunsti eriala (1995), aastal 2002 omandas ta magistrikraadi klaasikunstis. 1996. aastast alates on ta osalenud n\u00e4itustel erinevates galeriides ja muuseumites Eestis ja kaugemal, sh&hellip;","_links":{"self":[{"href":"https:\/\/kairi.raplakunst.eu\/index.php?rest_route=\/wp\/v2\/pages\/183","targetHints":{"allow":["GET"]}}],"collection":[{"href":"https:\/\/kairi.raplakunst.eu\/index.php?rest_route=\/wp\/v2\/pages"}],"about":[{"href":"https:\/\/kairi.raplakunst.eu\/index.php?rest_route=\/wp\/v2\/types\/page"}],"author":[{"embeddable":true,"href":"https:\/\/kairi.raplakunst.eu\/index.php?rest_route=\/wp\/v2\/users\/2"}],"replies":[{"embeddable":true,"href":"https:\/\/kairi.raplakunst.eu\/index.php?rest_route=%2Fwp%2Fv2%2Fcomments&post=183"}],"version-history":[{"count":101,"href":"https:\/\/kairi.raplakunst.eu\/index.php?rest_route=\/wp\/v2\/pages\/183\/revisions"}],"predecessor-version":[{"id":2882,"href":"https:\/\/kairi.raplakunst.eu\/index.php?rest_route=\/wp\/v2\/pages\/183\/revisions\/2882"}],"wp:attachment":[{"href":"https:\/\/kairi.raplakunst.eu\/index.php?rest_route=%2Fwp%2Fv2%2Fmedia&parent=183"}],"curies":[{"name":"wp","href":"https:\/\/api.w.org\/{rel}","templated":true}]}}